{"id":233,"date":"2025-04-11T04:56:20","date_gmt":"2025-04-11T04:56:20","guid":{"rendered":"http:\/\/15.235.28.58:10500\/?page_id=233"},"modified":"2025-05-14T04:23:20","modified_gmt":"2025-05-14T04:23:20","slug":"tecnologia","status":"publish","type":"page","link":"http:\/\/aseisacr.com\/index.php\/tecnologia\/","title":{"rendered":"Tecnolog\u00eda"},"content":{"rendered":"\n<figure class=\"wp-block-image aligncenter size-full\"><img loading=\"lazy\" decoding=\"async\" width=\"700\" height=\"150\" src=\"http:\/\/aseisacr.com\/wp-content\/uploads\/2025\/05\/tecnologia.jpg\" alt=\"\" class=\"wp-image-346\" srcset=\"http:\/\/aseisacr.com\/wp-content\/uploads\/2025\/05\/tecnologia.jpg 700w, http:\/\/aseisacr.com\/wp-content\/uploads\/2025\/05\/tecnologia-300x64.jpg 300w\" sizes=\"auto, (max-width: 700px) 100vw, 700px\" \/><\/figure>\n\n\n\n<div class=\"wp-block-group is-layout-constrained wp-container-core-group-is-layout-23e64186 wp-block-group-is-layout-constrained\" style=\"margin-top:0;margin-bottom:0;padding-top:var(--wp--preset--spacing--30);padding-right:var(--wp--preset--spacing--30);padding-bottom:var(--wp--preset--spacing--30);padding-left:var(--wp--preset--spacing--30)\">\n<p class=\"has-medium-font-size\"><strong>ASEISA <\/strong>pone a su disposici\u00f3n herramientas para la gesti\u00f3n, control y administraci\u00f3n de la informaci\u00f3n de su negocio. Estamos hablando de aplicaciones infrom\u00e1ticas de \u00faltima generaci\u00f3n con motores de datos potentes y seguros en donde puede tener la seguridad de almacenar sus datos.<\/p>\n\n\n\n<p class=\"has-medium-font-size\">Puede consultar por nuestra aplicaci\u00f3n de Contabilidad, que funciona bajo una modalidad de suscripci\u00f3n mensual; en un ambiente Web robusto que le ahorra tiempo y dinero en aspectos como configuraci\u00f3n e infraestructura. Con nuestra aplicaci\u00f3n puede tener la informaci\u00f3n de su empresa a la mano, desde una computadora, tableta o dispositivo m\u00f3vil. Lo \u00fanico que necesita es una conexi\u00f3n a internet y sus credenciales de acceso.<\/p>\n\n\n\n<hr class=\"wp-block-separator has-alpha-channel-opacity\"\/>\n\n\n\n<div class=\"alignnormal\"><div id=\"metaslider-id-402\" style=\"width: 100%; margin: 0 auto;\" class=\"ml-slider-3-109-0 metaslider metaslider-flex metaslider-402 ml-slider has-onhover-arrows has-carousel-mode ms-theme-default-base nav-hidden\" role=\"region\" aria-label=\"Aseisa Application Swite\" data-height=\"300\" data-width=\"700\">\n    <div id=\"metaslider_container_402\">\n        <div id=\"metaslider_402\">\n            <ul class='slides'>\n                <li style=\"display: none; width: 100%;\" class=\"slide-403 ms-image \" aria-roledescription=\"slide\" data-date=\"2025-05-14 04:16:46\" data-filename=\"iniciar-sesion-700x300.jpg\" data-slide-type=\"image\"><img loading=\"lazy\" decoding=\"async\" src=\"http:\/\/aseisacr.com\/wp-content\/uploads\/2025\/05\/iniciar-sesion-700x300.jpg\" height=\"300\" width=\"700\" alt=\"Control de usuarios \u00fanicos para el ingreso al sistema.\" class=\"slider-402 slide-403 msDefaultImage\" title=\"Iniciar Sesi\u00f3n\" \/><div class=\"caption-wrap\"><div class=\"caption\"><div><strong style=\"font-size:1.2em;\">Inicio de Sesi\u00f3n<\/strong><\/div> <div>Control de usuarios \u00fanicos para el ingreso al sistema<\/div><\/div><\/div><\/li>\n                <li style=\"display: none; width: 100%;\" class=\"slide-404 ms-image \" aria-roledescription=\"slide\" data-date=\"2025-05-14 04:17:01\" data-filename=\"seleccion-empresa-700x300.jpg\" data-slide-type=\"image\"><img loading=\"lazy\" decoding=\"async\" src=\"http:\/\/aseisacr.com\/wp-content\/uploads\/2025\/05\/seleccion-empresa-700x300.jpg\" height=\"300\" width=\"700\" alt=\"Aplicaci\u00f3n con control multiempresa y multisucursal.\" class=\"slider-402 slide-404 msDefaultImage\" title=\"Empresa\/Sucursal\" \/><div class=\"caption-wrap\"><div class=\"caption\"><div><strong style=\"font-size:1.2em;\">Empresa\/Sucursal<\/strong><\/div> <div>Aplicaci\u00f3n con control multiempresa y multisucursal<\/div><\/div><\/div><\/li>\n                <li style=\"display: none; width: 100%;\" class=\"slide-405 ms-image \" aria-roledescription=\"slide\" data-date=\"2025-05-14 04:17:11\" data-filename=\"mantenimientos-700x300.jpg\" data-slide-type=\"image\"><img loading=\"lazy\" decoding=\"async\" src=\"http:\/\/aseisacr.com\/wp-content\/uploads\/2025\/05\/mantenimientos-700x300.jpg\" height=\"300\" width=\"700\" alt=\"Formularios sencillos para el mantenimiento de la informaci\u00f3n con validaci\u00f3n de privilegios seg\u00fan rol de usuario.\" class=\"slider-402 slide-405 msDefaultImage\" title=\"Mantenimiento\" \/><div class=\"caption-wrap\"><div class=\"caption\"><div><strong style=\"font-size:1.2em;\">Mantenimiento<\/strong><\/div> <div>Formularios sencillos para el mantenimiento de la informaci\u00f3n con validaci\u00f3n de privilegios seg\u00fan rol de usuario<\/div><\/div><\/div><\/li>\n                <li style=\"display: none; width: 100%;\" class=\"slide-406 ms-image \" aria-roledescription=\"slide\" data-date=\"2025-05-14 04:17:21\" data-filename=\"procesos-700x300.jpg\" data-slide-type=\"image\"><img loading=\"lazy\" decoding=\"async\" src=\"http:\/\/aseisacr.com\/wp-content\/uploads\/2025\/05\/procesos-700x300.jpg\" height=\"300\" width=\"700\" alt=\"Pantallas de procesos especiales desarrollados a la medida.\" class=\"slider-402 slide-406 msDefaultImage\" title=\"Procesos especiales\" \/><div class=\"caption-wrap\"><div class=\"caption\"><div><strong style=\"font-size:1.2em;\">Procesos<\/strong><\/div> <div>Pantallas de procesos especiales desarrollados a la medida<\/div><\/div><\/div><\/li>\n                <li style=\"display: none; width: 100%;\" class=\"slide-407 ms-image \" aria-roledescription=\"slide\" data-date=\"2025-05-14 04:17:32\" data-filename=\"param-reportes-700x300.jpg\" data-slide-type=\"image\"><img loading=\"lazy\" decoding=\"async\" src=\"http:\/\/aseisacr.com\/wp-content\/uploads\/2025\/05\/param-reportes-700x300.jpg\" height=\"300\" width=\"700\" alt=\"Reportes a la medida que se acceden desde un \u00fanico lugar, seg\u00fan privilegios de usuario y con par\u00e1metros especiales para el filtrado de los datos.\" class=\"slider-402 slide-407 msDefaultImage\" title=\"Contenedor de reportes\" \/><div class=\"caption-wrap\"><div class=\"caption\"><div><strong style=\"font-size:1.2em;\">Contenedor de Reportes<\/strong><\/div> <div>Reportes a la medida que se acceden desde un \u00fanico lugar, seg\u00fan privilegios de usuario y con par\u00e1metros especiales para el filtrado de los datos<\/div><\/div><\/div><\/li>\n                <li style=\"display: none; width: 100%;\" class=\"slide-408 ms-image \" aria-roledescription=\"slide\" data-date=\"2025-05-14 04:17:44\" data-filename=\"reportes-700x300.jpg\" data-slide-type=\"image\"><img loading=\"lazy\" decoding=\"async\" src=\"http:\/\/aseisacr.com\/wp-content\/uploads\/2025\/05\/reportes-700x300.jpg\" height=\"300\" width=\"700\" alt=\"Reportes ajustados para impresi\u00f3n que pueden ser exportados a PDF, Excel y Word.\" class=\"slider-402 slide-408 msDefaultImage\" title=\"Reportes\" \/><div class=\"caption-wrap\"><div class=\"caption\"><div><strong style=\"font-size:1.2em;\">Reportes<\/strong><\/div> <div>Reportes a la medida que pueden ser impresos y exportados a PDF, Excel y Word<\/div><\/div><\/div><\/li>\n            <\/ul>\n        <div class='flex-progress-bar'><\/div>\n        <\/div>\n        \n    <\/div>\n<\/div><\/div>\n\n\n\n<hr class=\"wp-block-separator has-alpha-channel-opacity\"\/>\n\n\n\n<div class=\"wp-block-group has-border-color has-ast-global-color-7-border-color has-ast-global-color-5-background-color has-background is-content-justification-left is-nowrap is-layout-flex wp-container-core-group-is-layout-29490b3b wp-block-group-is-layout-flex\" style=\"border-width:1px;border-radius:5px;margin-top:0;margin-bottom:0;padding-top:var(--wp--preset--spacing--30);padding-right:var(--wp--preset--spacing--40);padding-bottom:var(--wp--preset--spacing--30);padding-left:var(--wp--preset--spacing--40)\">\n<div class=\"wp-block-font-awesome-icon wp-font-awesome-icon\"><svg aria-hidden=\"true\" focusable=\"false\" data-prefix=\"fas\" data-icon=\"briefcase\" class=\"svg-inline--fa fa-briefcase fa-flip \" role=\"img\" xmlns=\"http:\/\/www.w3.org\/2000\/svg\" viewBox=\"0 0 512 512\" style=\"font-size:2.5em\"><path fill=\"currentColor\" d=\"M184 48l144 0c4.4 0 8 3.6 8 8l0 40L176 96l0-40c0-4.4 3.6-8 8-8zm-56 8l0 40L64 96C28.7 96 0 124.7 0 160l0 96 192 0 128 0 192 0 0-96c0-35.3-28.7-64-64-64l-64 0 0-40c0-30.9-25.1-56-56-56L184 0c-30.9 0-56 25.1-56 56zM512 288l-192 0 0 32c0 17.7-14.3 32-32 32l-64 0c-17.7 0-32-14.3-32-32l0-32L0 288 0 416c0 35.3 28.7 64 64 64l384 0c35.3 0 64-28.7 64-64l0-128z\"><\/path><\/svg><\/div>\n\n\n\n<p>Ingrese a <a href=\"http:\/\/aseisacr.com:10447\/\" target=\"_blank\" rel=\"noreferrer noopener\"><strong>ASEISA <\/strong>Application Swite<\/a><\/p>\n<\/div>\n<\/div>\n\n\n\n<p><\/p>\n","protected":false},"excerpt":{"rendered":"<p>ASEISA pone a su disposici\u00f3n herramientas para la gesti\u00f3n, control y administraci\u00f3n de la informaci\u00f3n de su negocio. Estamos hablando [&hellip;]<\/p>\n","protected":false},"author":1,"featured_media":0,"parent":0,"menu_order":0,"comment_status":"closed","ping_status":"closed","template":"","meta":{"site-sidebar-layout":"default","site-content-layout":"","ast-site-content-layout":"","site-content-style":"default","site-sidebar-style":"default","ast-global-header-display":"","ast-banner-title-visibility":"","ast-main-header-display":"","ast-hfb-above-header-display":"","ast-hfb-below-header-display":"","ast-hfb-mobile-header-display":"","site-post-title":"","ast-breadcrumbs-content":"","ast-featured-img":"","footer-sml-layout":"","theme-transparent-header-meta":"","adv-header-id-meta":"","stick-header-meta":"","header-above-stick-meta":"","header-main-stick-meta":"","header-below-stick-meta":"","astra-migrate-meta-layouts":"default","ast-page-background-enabled":"default","ast-page-background-meta":{"desktop":{"background-color":"var(--ast-global-color-5)","background-image":"","background-repeat":"repeat","background-position":"center center","background-size":"auto","background-attachment":"scroll","background-type":"","background-media":"","overlay-type":"","overlay-color":"","overlay-opacity":"","overlay-gradient":""},"tablet":{"background-color":"","background-image":"","background-repeat":"repeat","background-position":"center center","background-size":"auto","background-attachment":"scroll","background-type":"","background-media":"","overlay-type":"","overlay-color":"","overlay-opacity":"","overlay-gradient":""},"mobile":{"background-color":"","background-image":"","background-repeat":"repeat","background-position":"center center","background-size":"auto","background-attachment":"scroll","background-type":"","background-media":"","overlay-type":"","overlay-color":"","overlay-opacity":"","overlay-gradient":""}},"ast-content-background-meta":{"desktop":{"background-color":"var(--ast-global-color-4)","background-image":"","background-repeat":"repeat","background-position":"center center","background-size":"auto","background-attachment":"scroll","background-type":"","background-media":"","overlay-type":"","overlay-color":"","overlay-opacity":"","overlay-gradient":""},"tablet":{"background-color":"var(--ast-global-color-4)","background-image":"","background-repeat":"repeat","background-position":"center center","background-size":"auto","background-attachment":"scroll","background-type":"","background-media":"","overlay-type":"","overlay-color":"","overlay-opacity":"","overlay-gradient":""},"mobile":{"background-color":"var(--ast-global-color-4)","background-image":"","background-repeat":"repeat","background-position":"center center","background-size":"auto","background-attachment":"scroll","background-type":"","background-media":"","overlay-type":"","overlay-color":"","overlay-opacity":"","overlay-gradient":""}},"footnotes":""},"class_list":["post-233","page","type-page","status-publish","hentry"],"_links":{"self":[{"href":"http:\/\/aseisacr.com\/index.php\/wp-json\/wp\/v2\/pages\/233","targetHints":{"allow":["GET"]}}],"collection":[{"href":"http:\/\/aseisacr.com\/index.php\/wp-json\/wp\/v2\/pages"}],"about":[{"href":"http:\/\/aseisacr.com\/index.php\/wp-json\/wp\/v2\/types\/page"}],"author":[{"embeddable":true,"href":"http:\/\/aseisacr.com\/index.php\/wp-json\/wp\/v2\/users\/1"}],"replies":[{"embeddable":true,"href":"http:\/\/aseisacr.com\/index.php\/wp-json\/wp\/v2\/comments?post=233"}],"version-history":[{"count":19,"href":"http:\/\/aseisacr.com\/index.php\/wp-json\/wp\/v2\/pages\/233\/revisions"}],"predecessor-version":[{"id":410,"href":"http:\/\/aseisacr.com\/index.php\/wp-json\/wp\/v2\/pages\/233\/revisions\/410"}],"wp:attachment":[{"href":"http:\/\/aseisacr.com\/index.php\/wp-json\/wp\/v2\/media?parent=233"}],"curies":[{"name":"wp","href":"https:\/\/api.w.org\/{rel}","templated":true}]}}